{"id":5475,"date":"2025-07-11T02:44:18","date_gmt":"2025-07-11T02:44:18","guid":{"rendered":"https:\/\/sisto-aseptic.com\/news-events\/"},"modified":"2025-08-18T08:53:16","modified_gmt":"2025-08-18T08:53:16","slug":"news-events","status":"publish","type":"page","link":"https:\/\/sisto-aseptic.com\/fr\/news-events\/","title":{"rendered":"Nos actualit\u00e9s"},"content":{"rendered":"","protected":false},"excerpt":{"rendered":"","protected":false},"author":2,"featured_media":0,"parent":0,"menu_order":0,"comment_status":"closed","ping_status":"closed","template":"page-templates\/template-news-and-events.php","meta":{"_acf_changed":false,"inline_featured_image":false,"footnotes":""},"class_list":["post-5475","page","type-page","status-publish","hentry"],"acf":[],"yoast_head":"<!-- This site is optimized with the Yoast SEO plugin v25.5 - https:\/\/yoast.com\/wordpress\/plugins\/seo\/ -->\n<title>News &amp; \u00c9v\u00e9nements - SISTO Armaturen<\/title>\n<meta name=\"description\" content=\"Veuillez suivre nos derni\u00e8res actualit\u00e9s. SISTO Armaturen est un des leaders du march\u00e9 de la fabrication des vannes \u00e0 membrane.\" \/>\n<meta name=\"robots\" content=\"index, follow, max-snippet:-1, max-image-preview:large, max-video-preview:-1\" \/>\n<link rel=\"canonical\" href=\"https:\/\/sisto-aseptic.com\/fr\/news-events\/\" \/>\n<meta property=\"og:locale\" content=\"fr_FR\" \/>\n<meta property=\"og:type\" content=\"article\" \/>\n<meta property=\"og:title\" content=\"News &amp; \u00c9v\u00e9nements - SISTO Armaturen\" \/>\n<meta property=\"og:description\" content=\"Veuillez suivre nos derni\u00e8res actualit\u00e9s. SISTO Armaturen est un des leaders du march\u00e9 de la fabrication des vannes \u00e0 membrane.\" \/>\n<meta property=\"og:url\" content=\"https:\/\/sisto-aseptic.com\/fr\/news-events\/\" \/>\n<meta property=\"og:site_name\" content=\"SISTO\" \/>\n<meta property=\"article:modified_time\" content=\"2025-08-18T08:53:16+00:00\" \/>\n<meta name=\"twitter:card\" content=\"summary_large_image\" \/>\n<script type=\"application\/ld+json\" class=\"yoast-schema-graph\">{\"@context\":\"https:\/\/schema.org\",\"@graph\":[{\"@type\":\"WebPage\",\"@id\":\"https:\/\/sisto-aseptic.com\/fr\/news-events\/\",\"url\":\"https:\/\/sisto-aseptic.com\/fr\/news-events\/\",\"name\":\"News & \u00c9v\u00e9nements - SISTO Armaturen\",\"isPartOf\":{\"@id\":\"https:\/\/sisto-aseptic.com\/fr\/#website\"},\"datePublished\":\"2025-07-11T02:44:18+00:00\",\"dateModified\":\"2025-08-18T08:53:16+00:00\",\"description\":\"Veuillez suivre nos derni\u00e8res actualit\u00e9s. SISTO Armaturen est un des leaders du march\u00e9 de la fabrication des vannes \u00e0 membrane.\",\"breadcrumb\":{\"@id\":\"https:\/\/sisto-aseptic.com\/fr\/news-events\/#breadcrumb\"},\"inLanguage\":\"fr-FR\",\"potentialAction\":[{\"@type\":\"ReadAction\",\"target\":[\"https:\/\/sisto-aseptic.com\/fr\/news-events\/\"]}]},{\"@type\":\"BreadcrumbList\",\"@id\":\"https:\/\/sisto-aseptic.com\/fr\/news-events\/#breadcrumb\",\"itemListElement\":[{\"@type\":\"ListItem\",\"position\":1,\"name\":\"Home\",\"item\":\"https:\/\/sisto-aseptic.com\/fr\/\"},{\"@type\":\"ListItem\",\"position\":2,\"name\":\"Nos actualit\u00e9s\"}]},{\"@type\":\"WebSite\",\"@id\":\"https:\/\/sisto-aseptic.com\/fr\/#website\",\"url\":\"https:\/\/sisto-aseptic.com\/fr\/\",\"name\":\"SISTO\",\"description\":\"Valves for the highest requirements\",\"potentialAction\":[{\"@type\":\"SearchAction\",\"target\":{\"@type\":\"EntryPoint\",\"urlTemplate\":\"https:\/\/sisto-aseptic.com\/fr\/?s={search_term_string}\"},\"query-input\":{\"@type\":\"PropertyValueSpecification\",\"valueRequired\":true,\"valueName\":\"search_term_string\"}}],\"inLanguage\":\"fr-FR\"}]}<\/script>\n<!-- \/ Yoast SEO plugin. -->","yoast_head_json":{"title":"News & \u00c9v\u00e9nements - SISTO Armaturen","description":"Veuillez suivre nos derni\u00e8res actualit\u00e9s. SISTO Armaturen est un des leaders du march\u00e9 de la fabrication des vannes \u00e0 membrane.","robots":{"index":"index","follow":"follow","max-snippet":"max-snippet:-1","max-image-preview":"max-image-preview:large","max-video-preview":"max-video-preview:-1"},"canonical":"https:\/\/sisto-aseptic.com\/fr\/news-events\/","og_locale":"fr_FR","og_type":"article","og_title":"News & \u00c9v\u00e9nements - SISTO Armaturen","og_description":"Veuillez suivre nos derni\u00e8res actualit\u00e9s. SISTO Armaturen est un des leaders du march\u00e9 de la fabrication des vannes \u00e0 membrane.","og_url":"https:\/\/sisto-aseptic.com\/fr\/news-events\/","og_site_name":"SISTO","article_modified_time":"2025-08-18T08:53:16+00:00","twitter_card":"summary_large_image","schema":{"@context":"https:\/\/schema.org","@graph":[{"@type":"WebPage","@id":"https:\/\/sisto-aseptic.com\/fr\/news-events\/","url":"https:\/\/sisto-aseptic.com\/fr\/news-events\/","name":"News & \u00c9v\u00e9nements - SISTO Armaturen","isPartOf":{"@id":"https:\/\/sisto-aseptic.com\/fr\/#website"},"datePublished":"2025-07-11T02:44:18+00:00","dateModified":"2025-08-18T08:53:16+00:00","description":"Veuillez suivre nos derni\u00e8res actualit\u00e9s. SISTO Armaturen est un des leaders du march\u00e9 de la fabrication des vannes \u00e0 membrane.","breadcrumb":{"@id":"https:\/\/sisto-aseptic.com\/fr\/news-events\/#breadcrumb"},"inLanguage":"fr-FR","potentialAction":[{"@type":"ReadAction","target":["https:\/\/sisto-aseptic.com\/fr\/news-events\/"]}]},{"@type":"BreadcrumbList","@id":"https:\/\/sisto-aseptic.com\/fr\/news-events\/#breadcrumb","itemListElement":[{"@type":"ListItem","position":1,"name":"Home","item":"https:\/\/sisto-aseptic.com\/fr\/"},{"@type":"ListItem","position":2,"name":"Nos actualit\u00e9s"}]},{"@type":"WebSite","@id":"https:\/\/sisto-aseptic.com\/fr\/#website","url":"https:\/\/sisto-aseptic.com\/fr\/","name":"SISTO","description":"Valves for the highest requirements","potentialAction":[{"@type":"SearchAction","target":{"@type":"EntryPoint","urlTemplate":"https:\/\/sisto-aseptic.com\/fr\/?s={search_term_string}"},"query-input":{"@type":"PropertyValueSpecification","valueRequired":true,"valueName":"search_term_string"}}],"inLanguage":"fr-FR"}]}},"_links":{"self":[{"href":"https:\/\/sisto-aseptic.com\/fr\/wp-json\/wp\/v2\/pages\/5475","targetHints":{"allow":["GET"]}}],"collection":[{"href":"https:\/\/sisto-aseptic.com\/fr\/wp-json\/wp\/v2\/pages"}],"about":[{"href":"https:\/\/sisto-aseptic.com\/fr\/wp-json\/wp\/v2\/types\/page"}],"author":[{"embeddable":true,"href":"https:\/\/sisto-aseptic.com\/fr\/wp-json\/wp\/v2\/users\/2"}],"replies":[{"embeddable":true,"href":"https:\/\/sisto-aseptic.com\/fr\/wp-json\/wp\/v2\/comments?post=5475"}],"version-history":[{"count":5,"href":"https:\/\/sisto-aseptic.com\/fr\/wp-json\/wp\/v2\/pages\/5475\/revisions"}],"predecessor-version":[{"id":5881,"href":"https:\/\/sisto-aseptic.com\/fr\/wp-json\/wp\/v2\/pages\/5475\/revisions\/5881"}],"wp:attachment":[{"href":"https:\/\/sisto-aseptic.com\/fr\/wp-json\/wp\/v2\/media?parent=5475"}],"curies":[{"name":"wp","href":"https:\/\/api.w.org\/{rel}","templated":true}]}}