{"id":5111,"date":"2022-11-30T08:51:03","date_gmt":"2022-11-30T08:51:03","guid":{"rendered":"https:\/\/sisto-aseptic.com\/landing-page\/"},"modified":"2025-07-17T09:32:33","modified_gmt":"2025-07-17T09:32:33","slug":"fabrication-additive-impression-3d","status":"publish","type":"page","link":"https:\/\/sisto-aseptic.com\/fr\/fabrication-additive-impression-3d\/","title":{"rendered":"La fabrication additive &#8211; Impression 3D"},"content":{"rendered":"","protected":false},"excerpt":{"rendered":"","protected":false},"author":1,"featured_media":0,"parent":0,"menu_order":0,"comment_status":"closed","ping_status":"closed","template":"page-templates\/landing-page.php","meta":{"_acf_changed":false,"inline_featured_image":false,"footnotes":""},"class_list":["post-5111","page","type-page","status-publish","hentry"],"acf":[],"yoast_head":"<!-- This site is optimized with the Yoast SEO plugin v25.5 - https:\/\/yoast.com\/wordpress\/plugins\/seo\/ -->\n<title>La fabrication additive - Impression 3D - SISTO<\/title>\n<meta name=\"description\" content=\"En collaboration avec sa soci\u00e9t\u00e9 m\u00e8re KSB SE &amp; Co. KGaA, SISTO a d\u00e9velopp\u00e9 l&#039;impression 3D m\u00e9tallique pour vannes \u00e0 membrane.\" \/>\n<meta name=\"robots\" content=\"index, follow, max-snippet:-1, max-image-preview:large, max-video-preview:-1\" \/>\n<link rel=\"canonical\" href=\"https:\/\/sisto-aseptic.com\/fr\/fabrication-additive-impression-3d\/\" \/>\n<meta property=\"og:locale\" content=\"fr_FR\" \/>\n<meta property=\"og:type\" content=\"article\" \/>\n<meta property=\"og:title\" content=\"La fabrication additive - Impression 3D - SISTO\" \/>\n<meta property=\"og:description\" content=\"En collaboration avec sa soci\u00e9t\u00e9 m\u00e8re KSB SE &amp; Co. KGaA, SISTO a d\u00e9velopp\u00e9 l&#039;impression 3D m\u00e9tallique pour vannes \u00e0 membrane.\" \/>\n<meta property=\"og:url\" content=\"https:\/\/sisto-aseptic.com\/fr\/fabrication-additive-impression-3d\/\" \/>\n<meta property=\"og:site_name\" content=\"SISTO\" \/>\n<meta property=\"article:modified_time\" content=\"2025-07-17T09:32:33+00:00\" \/>\n<meta name=\"twitter:card\" content=\"summary_large_image\" \/>\n<script type=\"application\/ld+json\" class=\"yoast-schema-graph\">{\"@context\":\"https:\/\/schema.org\",\"@graph\":[{\"@type\":\"WebPage\",\"@id\":\"https:\/\/sisto-aseptic.com\/fr\/fabrication-additive-impression-3d\/\",\"url\":\"https:\/\/sisto-aseptic.com\/fr\/fabrication-additive-impression-3d\/\",\"name\":\"La fabrication additive - Impression 3D - SISTO\",\"isPartOf\":{\"@id\":\"https:\/\/sisto-aseptic.com\/fr\/#website\"},\"datePublished\":\"2022-11-30T08:51:03+00:00\",\"dateModified\":\"2025-07-17T09:32:33+00:00\",\"description\":\"En collaboration avec sa soci\u00e9t\u00e9 m\u00e8re KSB SE & Co. KGaA, SISTO a d\u00e9velopp\u00e9 l'impression 3D m\u00e9tallique pour vannes \u00e0 membrane.\",\"breadcrumb\":{\"@id\":\"https:\/\/sisto-aseptic.com\/fr\/fabrication-additive-impression-3d\/#breadcrumb\"},\"inLanguage\":\"fr-FR\",\"potentialAction\":[{\"@type\":\"ReadAction\",\"target\":[\"https:\/\/sisto-aseptic.com\/fr\/fabrication-additive-impression-3d\/\"]}]},{\"@type\":\"BreadcrumbList\",\"@id\":\"https:\/\/sisto-aseptic.com\/fr\/fabrication-additive-impression-3d\/#breadcrumb\",\"itemListElement\":[{\"@type\":\"ListItem\",\"position\":1,\"name\":\"Home\",\"item\":\"https:\/\/sisto-aseptic.com\/fr\/\"},{\"@type\":\"ListItem\",\"position\":2,\"name\":\"La fabrication additive &#8211; Impression 3D\"}]},{\"@type\":\"WebSite\",\"@id\":\"https:\/\/sisto-aseptic.com\/fr\/#website\",\"url\":\"https:\/\/sisto-aseptic.com\/fr\/\",\"name\":\"SISTO\",\"description\":\"Valves for the highest requirements\",\"potentialAction\":[{\"@type\":\"SearchAction\",\"target\":{\"@type\":\"EntryPoint\",\"urlTemplate\":\"https:\/\/sisto-aseptic.com\/fr\/?s={search_term_string}\"},\"query-input\":{\"@type\":\"PropertyValueSpecification\",\"valueRequired\":true,\"valueName\":\"search_term_string\"}}],\"inLanguage\":\"fr-FR\"}]}<\/script>\n<!-- \/ Yoast SEO plugin. -->","yoast_head_json":{"title":"La fabrication additive - Impression 3D - SISTO","description":"En collaboration avec sa soci\u00e9t\u00e9 m\u00e8re KSB SE & Co. KGaA, SISTO a d\u00e9velopp\u00e9 l'impression 3D m\u00e9tallique pour vannes \u00e0 membrane.","robots":{"index":"index","follow":"follow","max-snippet":"max-snippet:-1","max-image-preview":"max-image-preview:large","max-video-preview":"max-video-preview:-1"},"canonical":"https:\/\/sisto-aseptic.com\/fr\/fabrication-additive-impression-3d\/","og_locale":"fr_FR","og_type":"article","og_title":"La fabrication additive - Impression 3D - SISTO","og_description":"En collaboration avec sa soci\u00e9t\u00e9 m\u00e8re KSB SE & Co. KGaA, SISTO a d\u00e9velopp\u00e9 l'impression 3D m\u00e9tallique pour vannes \u00e0 membrane.","og_url":"https:\/\/sisto-aseptic.com\/fr\/fabrication-additive-impression-3d\/","og_site_name":"SISTO","article_modified_time":"2025-07-17T09:32:33+00:00","twitter_card":"summary_large_image","schema":{"@context":"https:\/\/schema.org","@graph":[{"@type":"WebPage","@id":"https:\/\/sisto-aseptic.com\/fr\/fabrication-additive-impression-3d\/","url":"https:\/\/sisto-aseptic.com\/fr\/fabrication-additive-impression-3d\/","name":"La fabrication additive - Impression 3D - SISTO","isPartOf":{"@id":"https:\/\/sisto-aseptic.com\/fr\/#website"},"datePublished":"2022-11-30T08:51:03+00:00","dateModified":"2025-07-17T09:32:33+00:00","description":"En collaboration avec sa soci\u00e9t\u00e9 m\u00e8re KSB SE & Co. KGaA, SISTO a d\u00e9velopp\u00e9 l'impression 3D m\u00e9tallique pour vannes \u00e0 membrane.","breadcrumb":{"@id":"https:\/\/sisto-aseptic.com\/fr\/fabrication-additive-impression-3d\/#breadcrumb"},"inLanguage":"fr-FR","potentialAction":[{"@type":"ReadAction","target":["https:\/\/sisto-aseptic.com\/fr\/fabrication-additive-impression-3d\/"]}]},{"@type":"BreadcrumbList","@id":"https:\/\/sisto-aseptic.com\/fr\/fabrication-additive-impression-3d\/#breadcrumb","itemListElement":[{"@type":"ListItem","position":1,"name":"Home","item":"https:\/\/sisto-aseptic.com\/fr\/"},{"@type":"ListItem","position":2,"name":"La fabrication additive &#8211; Impression 3D"}]},{"@type":"WebSite","@id":"https:\/\/sisto-aseptic.com\/fr\/#website","url":"https:\/\/sisto-aseptic.com\/fr\/","name":"SISTO","description":"Valves for the highest requirements","potentialAction":[{"@type":"SearchAction","target":{"@type":"EntryPoint","urlTemplate":"https:\/\/sisto-aseptic.com\/fr\/?s={search_term_string}"},"query-input":{"@type":"PropertyValueSpecification","valueRequired":true,"valueName":"search_term_string"}}],"inLanguage":"fr-FR"}]}},"_links":{"self":[{"href":"https:\/\/sisto-aseptic.com\/fr\/wp-json\/wp\/v2\/pages\/5111","targetHints":{"allow":["GET"]}}],"collection":[{"href":"https:\/\/sisto-aseptic.com\/fr\/wp-json\/wp\/v2\/pages"}],"about":[{"href":"https:\/\/sisto-aseptic.com\/fr\/wp-json\/wp\/v2\/types\/page"}],"author":[{"embeddable":true,"href":"https:\/\/sisto-aseptic.com\/fr\/wp-json\/wp\/v2\/users\/1"}],"replies":[{"embeddable":true,"href":"https:\/\/sisto-aseptic.com\/fr\/wp-json\/wp\/v2\/comments?post=5111"}],"version-history":[{"count":11,"href":"https:\/\/sisto-aseptic.com\/fr\/wp-json\/wp\/v2\/pages\/5111\/revisions"}],"predecessor-version":[{"id":5582,"href":"https:\/\/sisto-aseptic.com\/fr\/wp-json\/wp\/v2\/pages\/5111\/revisions\/5582"}],"wp:attachment":[{"href":"https:\/\/sisto-aseptic.com\/fr\/wp-json\/wp\/v2\/media?parent=5111"}],"curies":[{"name":"wp","href":"https:\/\/api.w.org\/{rel}","templated":true}]}}