{"id":4021,"date":"2024-05-28T03:37:06","date_gmt":"2024-05-28T03:37:06","guid":{"rendered":"https:\/\/sisto-aseptic.com\/new-template-jubilaeum\/"},"modified":"2024-07-05T07:49:11","modified_gmt":"2024-07-05T07:49:11","slug":"100-ans-de-sisto","status":"publish","type":"page","link":"https:\/\/sisto-aseptic.com\/fr\/100-ans-de-sisto\/","title":{"rendered":"100 ans de SISTO"},"content":{"rendered":"","protected":false},"excerpt":{"rendered":"","protected":false},"author":2,"featured_media":0,"parent":0,"menu_order":1,"comment_status":"closed","ping_status":"closed","template":"page-templates\/template-manufacturing-quality-new.php","meta":{"_acf_changed":false,"inline_featured_image":false,"footnotes":""},"class_list":["post-4021","page","type-page","status-publish","hentry"],"acf":[],"yoast_head":"<!-- This site is optimized with the Yoast SEO plugin v25.5 - https:\/\/yoast.com\/wordpress\/plugins\/seo\/ -->\n<title>100 ans Anniversaire de SISTO - SISTO Armaturen<\/title>\n<meta name=\"description\" content=\"Un si\u00e8cle d\u2019innovation, de passion et d\u2019excellence \u2013 une \u00e9tape que nous c\u00e9l\u00e9brons avec fiert\u00e9 et gratitude. D\u00e9couvrez les jalons, les r\u00e9alisations et les personnes derri\u00e8re SISTO qui ont contribu\u00e9 \u00e0 faire de notre marque ce qu&#039;elle est aujourd&#039;hui.\" \/>\n<meta name=\"robots\" content=\"index, follow, max-snippet:-1, max-image-preview:large, max-video-preview:-1\" \/>\n<link rel=\"canonical\" href=\"https:\/\/sisto-aseptic.com\/fr\/100-ans-de-sisto\/\" \/>\n<meta property=\"og:locale\" content=\"fr_FR\" \/>\n<meta property=\"og:type\" content=\"article\" \/>\n<meta property=\"og:title\" content=\"100 ans Anniversaire de SISTO - SISTO Armaturen\" \/>\n<meta property=\"og:description\" content=\"Un si\u00e8cle d\u2019innovation, de passion et d\u2019excellence \u2013 une \u00e9tape que nous c\u00e9l\u00e9brons avec fiert\u00e9 et gratitude. D\u00e9couvrez les jalons, les r\u00e9alisations et les personnes derri\u00e8re SISTO qui ont contribu\u00e9 \u00e0 faire de notre marque ce qu&#039;elle est aujourd&#039;hui.\" \/>\n<meta property=\"og:url\" content=\"https:\/\/sisto-aseptic.com\/fr\/100-ans-de-sisto\/\" \/>\n<meta property=\"og:site_name\" content=\"SISTO\" \/>\n<meta property=\"article:modified_time\" content=\"2024-07-05T07:49:11+00:00\" \/>\n<meta name=\"twitter:card\" content=\"summary_large_image\" \/>\n<script type=\"application\/ld+json\" class=\"yoast-schema-graph\">{\"@context\":\"https:\/\/schema.org\",\"@graph\":[{\"@type\":\"WebPage\",\"@id\":\"https:\/\/sisto-aseptic.com\/fr\/100-ans-de-sisto\/\",\"url\":\"https:\/\/sisto-aseptic.com\/fr\/100-ans-de-sisto\/\",\"name\":\"100 ans Anniversaire de SISTO - SISTO Armaturen\",\"isPartOf\":{\"@id\":\"https:\/\/sisto-aseptic.com\/fr\/#website\"},\"datePublished\":\"2024-05-28T03:37:06+00:00\",\"dateModified\":\"2024-07-05T07:49:11+00:00\",\"description\":\"Un si\u00e8cle d\u2019innovation, de passion et d\u2019excellence \u2013 une \u00e9tape que nous c\u00e9l\u00e9brons avec fiert\u00e9 et gratitude. D\u00e9couvrez les jalons, les r\u00e9alisations et les personnes derri\u00e8re SISTO qui ont contribu\u00e9 \u00e0 faire de notre marque ce qu'elle est aujourd'hui.\",\"breadcrumb\":{\"@id\":\"https:\/\/sisto-aseptic.com\/fr\/100-ans-de-sisto\/#breadcrumb\"},\"inLanguage\":\"fr-FR\",\"potentialAction\":[{\"@type\":\"ReadAction\",\"target\":[\"https:\/\/sisto-aseptic.com\/fr\/100-ans-de-sisto\/\"]}]},{\"@type\":\"BreadcrumbList\",\"@id\":\"https:\/\/sisto-aseptic.com\/fr\/100-ans-de-sisto\/#breadcrumb\",\"itemListElement\":[{\"@type\":\"ListItem\",\"position\":1,\"name\":\"Home\",\"item\":\"https:\/\/sisto-aseptic.com\/fr\/\"},{\"@type\":\"ListItem\",\"position\":2,\"name\":\"100 ans de SISTO\"}]},{\"@type\":\"WebSite\",\"@id\":\"https:\/\/sisto-aseptic.com\/fr\/#website\",\"url\":\"https:\/\/sisto-aseptic.com\/fr\/\",\"name\":\"SISTO\",\"description\":\"Valves for the highest requirements\",\"potentialAction\":[{\"@type\":\"SearchAction\",\"target\":{\"@type\":\"EntryPoint\",\"urlTemplate\":\"https:\/\/sisto-aseptic.com\/fr\/?s={search_term_string}\"},\"query-input\":{\"@type\":\"PropertyValueSpecification\",\"valueRequired\":true,\"valueName\":\"search_term_string\"}}],\"inLanguage\":\"fr-FR\"}]}<\/script>\n<!-- \/ Yoast SEO plugin. -->","yoast_head_json":{"title":"100 ans Anniversaire de SISTO - SISTO Armaturen","description":"Un si\u00e8cle d\u2019innovation, de passion et d\u2019excellence \u2013 une \u00e9tape que nous c\u00e9l\u00e9brons avec fiert\u00e9 et gratitude. D\u00e9couvrez les jalons, les r\u00e9alisations et les personnes derri\u00e8re SISTO qui ont contribu\u00e9 \u00e0 faire de notre marque ce qu'elle est aujourd'hui.","robots":{"index":"index","follow":"follow","max-snippet":"max-snippet:-1","max-image-preview":"max-image-preview:large","max-video-preview":"max-video-preview:-1"},"canonical":"https:\/\/sisto-aseptic.com\/fr\/100-ans-de-sisto\/","og_locale":"fr_FR","og_type":"article","og_title":"100 ans Anniversaire de SISTO - SISTO Armaturen","og_description":"Un si\u00e8cle d\u2019innovation, de passion et d\u2019excellence \u2013 une \u00e9tape que nous c\u00e9l\u00e9brons avec fiert\u00e9 et gratitude. D\u00e9couvrez les jalons, les r\u00e9alisations et les personnes derri\u00e8re SISTO qui ont contribu\u00e9 \u00e0 faire de notre marque ce qu'elle est aujourd'hui.","og_url":"https:\/\/sisto-aseptic.com\/fr\/100-ans-de-sisto\/","og_site_name":"SISTO","article_modified_time":"2024-07-05T07:49:11+00:00","twitter_card":"summary_large_image","schema":{"@context":"https:\/\/schema.org","@graph":[{"@type":"WebPage","@id":"https:\/\/sisto-aseptic.com\/fr\/100-ans-de-sisto\/","url":"https:\/\/sisto-aseptic.com\/fr\/100-ans-de-sisto\/","name":"100 ans Anniversaire de SISTO - SISTO Armaturen","isPartOf":{"@id":"https:\/\/sisto-aseptic.com\/fr\/#website"},"datePublished":"2024-05-28T03:37:06+00:00","dateModified":"2024-07-05T07:49:11+00:00","description":"Un si\u00e8cle d\u2019innovation, de passion et d\u2019excellence \u2013 une \u00e9tape que nous c\u00e9l\u00e9brons avec fiert\u00e9 et gratitude. D\u00e9couvrez les jalons, les r\u00e9alisations et les personnes derri\u00e8re SISTO qui ont contribu\u00e9 \u00e0 faire de notre marque ce qu'elle est aujourd'hui.","breadcrumb":{"@id":"https:\/\/sisto-aseptic.com\/fr\/100-ans-de-sisto\/#breadcrumb"},"inLanguage":"fr-FR","potentialAction":[{"@type":"ReadAction","target":["https:\/\/sisto-aseptic.com\/fr\/100-ans-de-sisto\/"]}]},{"@type":"BreadcrumbList","@id":"https:\/\/sisto-aseptic.com\/fr\/100-ans-de-sisto\/#breadcrumb","itemListElement":[{"@type":"ListItem","position":1,"name":"Home","item":"https:\/\/sisto-aseptic.com\/fr\/"},{"@type":"ListItem","position":2,"name":"100 ans de SISTO"}]},{"@type":"WebSite","@id":"https:\/\/sisto-aseptic.com\/fr\/#website","url":"https:\/\/sisto-aseptic.com\/fr\/","name":"SISTO","description":"Valves for the highest requirements","potentialAction":[{"@type":"SearchAction","target":{"@type":"EntryPoint","urlTemplate":"https:\/\/sisto-aseptic.com\/fr\/?s={search_term_string}"},"query-input":{"@type":"PropertyValueSpecification","valueRequired":true,"valueName":"search_term_string"}}],"inLanguage":"fr-FR"}]}},"_links":{"self":[{"href":"https:\/\/sisto-aseptic.com\/fr\/wp-json\/wp\/v2\/pages\/4021","targetHints":{"allow":["GET"]}}],"collection":[{"href":"https:\/\/sisto-aseptic.com\/fr\/wp-json\/wp\/v2\/pages"}],"about":[{"href":"https:\/\/sisto-aseptic.com\/fr\/wp-json\/wp\/v2\/types\/page"}],"author":[{"embeddable":true,"href":"https:\/\/sisto-aseptic.com\/fr\/wp-json\/wp\/v2\/users\/2"}],"replies":[{"embeddable":true,"href":"https:\/\/sisto-aseptic.com\/fr\/wp-json\/wp\/v2\/comments?post=4021"}],"version-history":[{"count":18,"href":"https:\/\/sisto-aseptic.com\/fr\/wp-json\/wp\/v2\/pages\/4021\/revisions"}],"predecessor-version":[{"id":4267,"href":"https:\/\/sisto-aseptic.com\/fr\/wp-json\/wp\/v2\/pages\/4021\/revisions\/4267"}],"wp:attachment":[{"href":"https:\/\/sisto-aseptic.com\/fr\/wp-json\/wp\/v2\/media?parent=4021"}],"curies":[{"name":"wp","href":"https:\/\/api.w.org\/{rel}","templated":true}]}}