{"id":2074,"date":"2022-09-19T13:11:36","date_gmt":"2022-09-19T13:11:36","guid":{"rendered":"https:\/\/sisto-aseptic.com\/qualitat\/"},"modified":"2026-02-26T08:45:52","modified_gmt":"2026-02-26T08:45:52","slug":"qualitat","status":"publish","type":"page","link":"https:\/\/sisto-aseptic.com\/fr\/qualitat\/","title":{"rendered":"Qualit\u00e9 &#038; production"},"content":{"rendered":"","protected":false},"excerpt":{"rendered":"","protected":false},"author":1,"featured_media":0,"parent":0,"menu_order":1,"comment_status":"closed","ping_status":"closed","template":"page-templates\/template-manufacturing-quality.php","meta":{"_acf_changed":false,"inline_featured_image":false,"footnotes":""},"class_list":["post-2074","page","type-page","status-publish","hentry"],"acf":[],"yoast_head":"<!-- This site is optimized with the Yoast SEO plugin v25.5 - https:\/\/yoast.com\/wordpress\/plugins\/seo\/ -->\n<title>Fabrication de vannes \u00e0 membrane st\u00e9riles - SISTO Armaturen<\/title>\n<meta name=\"description\" content=\"SISTO r\u00e9pond aux exigences \u00e9lev\u00e9es dans les processus st\u00e9riles. Tous les \u00e9tapes de fabrication sont soumis \u00e0 un contr\u00f4le qualit\u00e9 rigoureux.\" \/>\n<meta name=\"robots\" content=\"index, follow, max-snippet:-1, max-image-preview:large, max-video-preview:-1\" \/>\n<link rel=\"canonical\" href=\"https:\/\/sisto-aseptic.com\/fr\/qualitat\/\" \/>\n<meta property=\"og:locale\" content=\"fr_FR\" \/>\n<meta property=\"og:type\" content=\"article\" \/>\n<meta property=\"og:title\" content=\"Fabrication de vannes \u00e0 membrane st\u00e9riles - SISTO Armaturen\" \/>\n<meta property=\"og:description\" content=\"SISTO r\u00e9pond aux exigences \u00e9lev\u00e9es dans les processus st\u00e9riles. Tous les \u00e9tapes de fabrication sont soumis \u00e0 un contr\u00f4le qualit\u00e9 rigoureux.\" \/>\n<meta property=\"og:url\" content=\"https:\/\/sisto-aseptic.com\/fr\/qualitat\/\" \/>\n<meta property=\"og:site_name\" content=\"SISTO\" \/>\n<meta property=\"article:modified_time\" content=\"2026-02-26T08:45:52+00:00\" \/>\n<meta name=\"twitter:card\" content=\"summary_large_image\" \/>\n<script type=\"application\/ld+json\" class=\"yoast-schema-graph\">{\"@context\":\"https:\/\/schema.org\",\"@graph\":[{\"@type\":\"WebPage\",\"@id\":\"https:\/\/sisto-aseptic.com\/fr\/qualitat\/\",\"url\":\"https:\/\/sisto-aseptic.com\/fr\/qualitat\/\",\"name\":\"Fabrication de vannes \u00e0 membrane st\u00e9riles - SISTO Armaturen\",\"isPartOf\":{\"@id\":\"https:\/\/sisto-aseptic.com\/fr\/#website\"},\"datePublished\":\"2022-09-19T13:11:36+00:00\",\"dateModified\":\"2026-02-26T08:45:52+00:00\",\"description\":\"SISTO r\u00e9pond aux exigences \u00e9lev\u00e9es dans les processus st\u00e9riles. Tous les \u00e9tapes de fabrication sont soumis \u00e0 un contr\u00f4le qualit\u00e9 rigoureux.\",\"breadcrumb\":{\"@id\":\"https:\/\/sisto-aseptic.com\/fr\/qualitat\/#breadcrumb\"},\"inLanguage\":\"fr-FR\",\"potentialAction\":[{\"@type\":\"ReadAction\",\"target\":[\"https:\/\/sisto-aseptic.com\/fr\/qualitat\/\"]}]},{\"@type\":\"BreadcrumbList\",\"@id\":\"https:\/\/sisto-aseptic.com\/fr\/qualitat\/#breadcrumb\",\"itemListElement\":[{\"@type\":\"ListItem\",\"position\":1,\"name\":\"Home\",\"item\":\"https:\/\/sisto-aseptic.com\/fr\/\"},{\"@type\":\"ListItem\",\"position\":2,\"name\":\"Qualit\u00e9 &#038; production\"}]},{\"@type\":\"WebSite\",\"@id\":\"https:\/\/sisto-aseptic.com\/fr\/#website\",\"url\":\"https:\/\/sisto-aseptic.com\/fr\/\",\"name\":\"SISTO\",\"description\":\"Valves for the highest requirements\",\"potentialAction\":[{\"@type\":\"SearchAction\",\"target\":{\"@type\":\"EntryPoint\",\"urlTemplate\":\"https:\/\/sisto-aseptic.com\/fr\/?s={search_term_string}\"},\"query-input\":{\"@type\":\"PropertyValueSpecification\",\"valueRequired\":true,\"valueName\":\"search_term_string\"}}],\"inLanguage\":\"fr-FR\"}]}<\/script>\n<!-- \/ Yoast SEO plugin. -->","yoast_head_json":{"title":"Fabrication de vannes \u00e0 membrane st\u00e9riles - SISTO Armaturen","description":"SISTO r\u00e9pond aux exigences \u00e9lev\u00e9es dans les processus st\u00e9riles. Tous les \u00e9tapes de fabrication sont soumis \u00e0 un contr\u00f4le qualit\u00e9 rigoureux.","robots":{"index":"index","follow":"follow","max-snippet":"max-snippet:-1","max-image-preview":"max-image-preview:large","max-video-preview":"max-video-preview:-1"},"canonical":"https:\/\/sisto-aseptic.com\/fr\/qualitat\/","og_locale":"fr_FR","og_type":"article","og_title":"Fabrication de vannes \u00e0 membrane st\u00e9riles - SISTO Armaturen","og_description":"SISTO r\u00e9pond aux exigences \u00e9lev\u00e9es dans les processus st\u00e9riles. Tous les \u00e9tapes de fabrication sont soumis \u00e0 un contr\u00f4le qualit\u00e9 rigoureux.","og_url":"https:\/\/sisto-aseptic.com\/fr\/qualitat\/","og_site_name":"SISTO","article_modified_time":"2026-02-26T08:45:52+00:00","twitter_card":"summary_large_image","schema":{"@context":"https:\/\/schema.org","@graph":[{"@type":"WebPage","@id":"https:\/\/sisto-aseptic.com\/fr\/qualitat\/","url":"https:\/\/sisto-aseptic.com\/fr\/qualitat\/","name":"Fabrication de vannes \u00e0 membrane st\u00e9riles - SISTO Armaturen","isPartOf":{"@id":"https:\/\/sisto-aseptic.com\/fr\/#website"},"datePublished":"2022-09-19T13:11:36+00:00","dateModified":"2026-02-26T08:45:52+00:00","description":"SISTO r\u00e9pond aux exigences \u00e9lev\u00e9es dans les processus st\u00e9riles. Tous les \u00e9tapes de fabrication sont soumis \u00e0 un contr\u00f4le qualit\u00e9 rigoureux.","breadcrumb":{"@id":"https:\/\/sisto-aseptic.com\/fr\/qualitat\/#breadcrumb"},"inLanguage":"fr-FR","potentialAction":[{"@type":"ReadAction","target":["https:\/\/sisto-aseptic.com\/fr\/qualitat\/"]}]},{"@type":"BreadcrumbList","@id":"https:\/\/sisto-aseptic.com\/fr\/qualitat\/#breadcrumb","itemListElement":[{"@type":"ListItem","position":1,"name":"Home","item":"https:\/\/sisto-aseptic.com\/fr\/"},{"@type":"ListItem","position":2,"name":"Qualit\u00e9 &#038; production"}]},{"@type":"WebSite","@id":"https:\/\/sisto-aseptic.com\/fr\/#website","url":"https:\/\/sisto-aseptic.com\/fr\/","name":"SISTO","description":"Valves for the highest requirements","potentialAction":[{"@type":"SearchAction","target":{"@type":"EntryPoint","urlTemplate":"https:\/\/sisto-aseptic.com\/fr\/?s={search_term_string}"},"query-input":{"@type":"PropertyValueSpecification","valueRequired":true,"valueName":"search_term_string"}}],"inLanguage":"fr-FR"}]}},"_links":{"self":[{"href":"https:\/\/sisto-aseptic.com\/fr\/wp-json\/wp\/v2\/pages\/2074","targetHints":{"allow":["GET"]}}],"collection":[{"href":"https:\/\/sisto-aseptic.com\/fr\/wp-json\/wp\/v2\/pages"}],"about":[{"href":"https:\/\/sisto-aseptic.com\/fr\/wp-json\/wp\/v2\/types\/page"}],"author":[{"embeddable":true,"href":"https:\/\/sisto-aseptic.com\/fr\/wp-json\/wp\/v2\/users\/1"}],"replies":[{"embeddable":true,"href":"https:\/\/sisto-aseptic.com\/fr\/wp-json\/wp\/v2\/comments?post=2074"}],"version-history":[{"count":21,"href":"https:\/\/sisto-aseptic.com\/fr\/wp-json\/wp\/v2\/pages\/2074\/revisions"}],"predecessor-version":[{"id":6322,"href":"https:\/\/sisto-aseptic.com\/fr\/wp-json\/wp\/v2\/pages\/2074\/revisions\/6322"}],"wp:attachment":[{"href":"https:\/\/sisto-aseptic.com\/fr\/wp-json\/wp\/v2\/media?parent=2074"}],"curies":[{"name":"wp","href":"https:\/\/api.w.org\/{rel}","templated":true}]}}