{"id":2024,"date":"2022-09-14T07:50:54","date_gmt":"2022-09-14T07:50:54","guid":{"rendered":"https:\/\/sisto-aseptic.com\/22-wege-ventile\/"},"modified":"2025-09-08T11:37:23","modified_gmt":"2025-09-08T11:37:23","slug":"22-wege-ventile","status":"publish","type":"page","link":"https:\/\/sisto-aseptic.com\/fr\/22-wege-ventile\/","title":{"rendered":"Vannes 2\/2 voies"},"content":{"rendered":"<p>SISTO-C 2\/2<\/p>\n","protected":false},"excerpt":{"rendered":"<p>SISTO-C 2\/2<\/p>\n","protected":false},"author":1,"featured_media":0,"parent":0,"menu_order":7,"comment_status":"closed","ping_status":"closed","template":"page-templates\/template-product-details.php","meta":{"_acf_changed":false,"inline_featured_image":false,"footnotes":""},"class_list":["post-2024","page","type-page","status-publish","hentry"],"acf":[],"yoast_head":"<!-- This site is optimized with the Yoast SEO plugin v25.5 - https:\/\/yoast.com\/wordpress\/plugins\/seo\/ -->\n<title>Corps de vannes 2\/2 voies SISTO-C - Vanne \u00e0 membrane<\/title>\n<meta name=\"description\" content=\"Les corps de vannes 2\/2 SISTO-C disposent d\u2019un si\u00e8ge de vanne et sont fabriqu\u00e9s en acier inoxydable forg\u00e9 (1.4435).\" \/>\n<meta name=\"robots\" content=\"index, follow, max-snippet:-1, max-image-preview:large, max-video-preview:-1\" \/>\n<link rel=\"canonical\" href=\"https:\/\/sisto-aseptic.com\/fr\/22-wege-ventile\/\" \/>\n<meta property=\"og:locale\" content=\"fr_FR\" \/>\n<meta property=\"og:type\" content=\"article\" \/>\n<meta property=\"og:title\" content=\"Corps de vannes 2\/2 voies SISTO-C - Vanne \u00e0 membrane\" \/>\n<meta property=\"og:description\" content=\"Les corps de vannes 2\/2 SISTO-C disposent d\u2019un si\u00e8ge de vanne et sont fabriqu\u00e9s en acier inoxydable forg\u00e9 (1.4435).\" \/>\n<meta property=\"og:url\" content=\"https:\/\/sisto-aseptic.com\/fr\/22-wege-ventile\/\" \/>\n<meta property=\"og:site_name\" content=\"SISTO\" \/>\n<meta property=\"article:modified_time\" content=\"2025-09-08T11:37:23+00:00\" \/>\n<meta name=\"twitter:card\" content=\"summary_large_image\" \/>\n<meta name=\"twitter:label1\" content=\"Dur\u00e9e de lecture estim\u00e9e\" \/>\n\t<meta name=\"twitter:data1\" content=\"1 minute\" \/>\n<script type=\"application\/ld+json\" class=\"yoast-schema-graph\">{\"@context\":\"https:\/\/schema.org\",\"@graph\":[{\"@type\":\"WebPage\",\"@id\":\"https:\/\/sisto-aseptic.com\/fr\/22-wege-ventile\/\",\"url\":\"https:\/\/sisto-aseptic.com\/fr\/22-wege-ventile\/\",\"name\":\"Corps de vannes 2\/2 voies SISTO-C - Vanne \u00e0 membrane\",\"isPartOf\":{\"@id\":\"https:\/\/sisto-aseptic.com\/fr\/#website\"},\"datePublished\":\"2022-09-14T07:50:54+00:00\",\"dateModified\":\"2025-09-08T11:37:23+00:00\",\"description\":\"Les corps de vannes 2\/2 SISTO-C disposent d\u2019un si\u00e8ge de vanne et sont fabriqu\u00e9s en acier inoxydable forg\u00e9 (1.4435).\",\"breadcrumb\":{\"@id\":\"https:\/\/sisto-aseptic.com\/fr\/22-wege-ventile\/#breadcrumb\"},\"inLanguage\":\"fr-FR\",\"potentialAction\":[{\"@type\":\"ReadAction\",\"target\":[\"https:\/\/sisto-aseptic.com\/fr\/22-wege-ventile\/\"]}]},{\"@type\":\"BreadcrumbList\",\"@id\":\"https:\/\/sisto-aseptic.com\/fr\/22-wege-ventile\/#breadcrumb\",\"itemListElement\":[{\"@type\":\"ListItem\",\"position\":1,\"name\":\"Home\",\"item\":\"https:\/\/sisto-aseptic.com\/fr\/\"},{\"@type\":\"ListItem\",\"position\":2,\"name\":\"Vannes 2\/2 voies\"}]},{\"@type\":\"WebSite\",\"@id\":\"https:\/\/sisto-aseptic.com\/fr\/#website\",\"url\":\"https:\/\/sisto-aseptic.com\/fr\/\",\"name\":\"SISTO\",\"description\":\"Valves for the highest requirements\",\"potentialAction\":[{\"@type\":\"SearchAction\",\"target\":{\"@type\":\"EntryPoint\",\"urlTemplate\":\"https:\/\/sisto-aseptic.com\/fr\/?s={search_term_string}\"},\"query-input\":{\"@type\":\"PropertyValueSpecification\",\"valueRequired\":true,\"valueName\":\"search_term_string\"}}],\"inLanguage\":\"fr-FR\"}]}<\/script>\n<!-- \/ Yoast SEO plugin. -->","yoast_head_json":{"title":"Corps de vannes 2\/2 voies SISTO-C - Vanne \u00e0 membrane","description":"Les corps de vannes 2\/2 SISTO-C disposent d\u2019un si\u00e8ge de vanne et sont fabriqu\u00e9s en acier inoxydable forg\u00e9 (1.4435).","robots":{"index":"index","follow":"follow","max-snippet":"max-snippet:-1","max-image-preview":"max-image-preview:large","max-video-preview":"max-video-preview:-1"},"canonical":"https:\/\/sisto-aseptic.com\/fr\/22-wege-ventile\/","og_locale":"fr_FR","og_type":"article","og_title":"Corps de vannes 2\/2 voies SISTO-C - Vanne \u00e0 membrane","og_description":"Les corps de vannes 2\/2 SISTO-C disposent d\u2019un si\u00e8ge de vanne et sont fabriqu\u00e9s en acier inoxydable forg\u00e9 (1.4435).","og_url":"https:\/\/sisto-aseptic.com\/fr\/22-wege-ventile\/","og_site_name":"SISTO","article_modified_time":"2025-09-08T11:37:23+00:00","twitter_card":"summary_large_image","twitter_misc":{"Dur\u00e9e de lecture estim\u00e9e":"1 minute"},"schema":{"@context":"https:\/\/schema.org","@graph":[{"@type":"WebPage","@id":"https:\/\/sisto-aseptic.com\/fr\/22-wege-ventile\/","url":"https:\/\/sisto-aseptic.com\/fr\/22-wege-ventile\/","name":"Corps de vannes 2\/2 voies SISTO-C - Vanne \u00e0 membrane","isPartOf":{"@id":"https:\/\/sisto-aseptic.com\/fr\/#website"},"datePublished":"2022-09-14T07:50:54+00:00","dateModified":"2025-09-08T11:37:23+00:00","description":"Les corps de vannes 2\/2 SISTO-C disposent d\u2019un si\u00e8ge de vanne et sont fabriqu\u00e9s en acier inoxydable forg\u00e9 (1.4435).","breadcrumb":{"@id":"https:\/\/sisto-aseptic.com\/fr\/22-wege-ventile\/#breadcrumb"},"inLanguage":"fr-FR","potentialAction":[{"@type":"ReadAction","target":["https:\/\/sisto-aseptic.com\/fr\/22-wege-ventile\/"]}]},{"@type":"BreadcrumbList","@id":"https:\/\/sisto-aseptic.com\/fr\/22-wege-ventile\/#breadcrumb","itemListElement":[{"@type":"ListItem","position":1,"name":"Home","item":"https:\/\/sisto-aseptic.com\/fr\/"},{"@type":"ListItem","position":2,"name":"Vannes 2\/2 voies"}]},{"@type":"WebSite","@id":"https:\/\/sisto-aseptic.com\/fr\/#website","url":"https:\/\/sisto-aseptic.com\/fr\/","name":"SISTO","description":"Valves for the highest requirements","potentialAction":[{"@type":"SearchAction","target":{"@type":"EntryPoint","urlTemplate":"https:\/\/sisto-aseptic.com\/fr\/?s={search_term_string}"},"query-input":{"@type":"PropertyValueSpecification","valueRequired":true,"valueName":"search_term_string"}}],"inLanguage":"fr-FR"}]}},"_links":{"self":[{"href":"https:\/\/sisto-aseptic.com\/fr\/wp-json\/wp\/v2\/pages\/2024","targetHints":{"allow":["GET"]}}],"collection":[{"href":"https:\/\/sisto-aseptic.com\/fr\/wp-json\/wp\/v2\/pages"}],"about":[{"href":"https:\/\/sisto-aseptic.com\/fr\/wp-json\/wp\/v2\/types\/page"}],"author":[{"embeddable":true,"href":"https:\/\/sisto-aseptic.com\/fr\/wp-json\/wp\/v2\/users\/1"}],"replies":[{"embeddable":true,"href":"https:\/\/sisto-aseptic.com\/fr\/wp-json\/wp\/v2\/comments?post=2024"}],"version-history":[{"count":25,"href":"https:\/\/sisto-aseptic.com\/fr\/wp-json\/wp\/v2\/pages\/2024\/revisions"}],"predecessor-version":[{"id":5987,"href":"https:\/\/sisto-aseptic.com\/fr\/wp-json\/wp\/v2\/pages\/2024\/revisions\/5987"}],"wp:attachment":[{"href":"https:\/\/sisto-aseptic.com\/fr\/wp-json\/wp\/v2\/media?parent=2024"}],"curies":[{"name":"wp","href":"https:\/\/api.w.org\/{rel}","templated":true}]}}