{"id":2010,"date":"2022-09-13T01:51:42","date_gmt":"2022-09-13T01:51:42","guid":{"rendered":"https:\/\/sisto-aseptic.com\/produktubersicht\/"},"modified":"2025-09-11T11:47:22","modified_gmt":"2025-09-11T11:47:22","slug":"apercu-des-produits","status":"publish","type":"page","link":"https:\/\/sisto-aseptic.com\/fr\/apercu-des-produits\/","title":{"rendered":"Aper\u00e7u des produits"},"content":{"rendered":"","protected":false},"excerpt":{"rendered":"","protected":false},"author":1,"featured_media":0,"parent":0,"menu_order":21,"comment_status":"closed","ping_status":"closed","template":"page-templates\/template-products-overview.php","meta":{"_acf_changed":false,"inline_featured_image":false,"footnotes":""},"class_list":["post-2010","page","type-page","status-publish","hentry"],"acf":[],"yoast_head":"<!-- This site is optimized with the Yoast SEO plugin v25.5 - https:\/\/yoast.com\/wordpress\/plugins\/seo\/ -->\n<title>Aper\u00e7u des vannes \u00e0 membranes SISTO-C<\/title>\n<meta name=\"description\" content=\"La conception modulaire de SISTO permet de r\u00e9pondre \u00e0 tous les solutions individuelles de l&#039;industrie pharmaceutique et biotechnologique.\" \/>\n<meta name=\"robots\" content=\"index, follow, max-snippet:-1, max-image-preview:large, max-video-preview:-1\" \/>\n<link rel=\"canonical\" href=\"https:\/\/sisto-aseptic.com\/fr\/apercu-des-produits\/\" \/>\n<meta property=\"og:locale\" content=\"fr_FR\" \/>\n<meta property=\"og:type\" content=\"article\" \/>\n<meta property=\"og:title\" content=\"Aper\u00e7u des vannes \u00e0 membranes SISTO-C\" \/>\n<meta property=\"og:description\" content=\"La conception modulaire de SISTO permet de r\u00e9pondre \u00e0 tous les solutions individuelles de l&#039;industrie pharmaceutique et biotechnologique.\" \/>\n<meta property=\"og:url\" content=\"https:\/\/sisto-aseptic.com\/fr\/apercu-des-produits\/\" \/>\n<meta property=\"og:site_name\" content=\"SISTO\" \/>\n<meta property=\"article:modified_time\" content=\"2025-09-11T11:47:22+00:00\" \/>\n<meta name=\"twitter:card\" content=\"summary_large_image\" \/>\n<script type=\"application\/ld+json\" class=\"yoast-schema-graph\">{\"@context\":\"https:\/\/schema.org\",\"@graph\":[{\"@type\":\"WebPage\",\"@id\":\"https:\/\/sisto-aseptic.com\/fr\/apercu-des-produits\/\",\"url\":\"https:\/\/sisto-aseptic.com\/fr\/apercu-des-produits\/\",\"name\":\"Aper\u00e7u des vannes \u00e0 membranes SISTO-C\",\"isPartOf\":{\"@id\":\"https:\/\/sisto-aseptic.com\/fr\/#website\"},\"datePublished\":\"2022-09-13T01:51:42+00:00\",\"dateModified\":\"2025-09-11T11:47:22+00:00\",\"description\":\"La conception modulaire de SISTO permet de r\u00e9pondre \u00e0 tous les solutions individuelles de l'industrie pharmaceutique et biotechnologique.\",\"breadcrumb\":{\"@id\":\"https:\/\/sisto-aseptic.com\/fr\/apercu-des-produits\/#breadcrumb\"},\"inLanguage\":\"fr-FR\",\"potentialAction\":[{\"@type\":\"ReadAction\",\"target\":[\"https:\/\/sisto-aseptic.com\/fr\/apercu-des-produits\/\"]}]},{\"@type\":\"BreadcrumbList\",\"@id\":\"https:\/\/sisto-aseptic.com\/fr\/apercu-des-produits\/#breadcrumb\",\"itemListElement\":[{\"@type\":\"ListItem\",\"position\":1,\"name\":\"Home\",\"item\":\"https:\/\/sisto-aseptic.com\/fr\/\"},{\"@type\":\"ListItem\",\"position\":2,\"name\":\"Aper\u00e7u des produits\"}]},{\"@type\":\"WebSite\",\"@id\":\"https:\/\/sisto-aseptic.com\/fr\/#website\",\"url\":\"https:\/\/sisto-aseptic.com\/fr\/\",\"name\":\"SISTO\",\"description\":\"Valves for the highest requirements\",\"potentialAction\":[{\"@type\":\"SearchAction\",\"target\":{\"@type\":\"EntryPoint\",\"urlTemplate\":\"https:\/\/sisto-aseptic.com\/fr\/?s={search_term_string}\"},\"query-input\":{\"@type\":\"PropertyValueSpecification\",\"valueRequired\":true,\"valueName\":\"search_term_string\"}}],\"inLanguage\":\"fr-FR\"}]}<\/script>\n<!-- \/ Yoast SEO plugin. -->","yoast_head_json":{"title":"Aper\u00e7u des vannes \u00e0 membranes SISTO-C","description":"La conception modulaire de SISTO permet de r\u00e9pondre \u00e0 tous les solutions individuelles de l'industrie pharmaceutique et biotechnologique.","robots":{"index":"index","follow":"follow","max-snippet":"max-snippet:-1","max-image-preview":"max-image-preview:large","max-video-preview":"max-video-preview:-1"},"canonical":"https:\/\/sisto-aseptic.com\/fr\/apercu-des-produits\/","og_locale":"fr_FR","og_type":"article","og_title":"Aper\u00e7u des vannes \u00e0 membranes SISTO-C","og_description":"La conception modulaire de SISTO permet de r\u00e9pondre \u00e0 tous les solutions individuelles de l'industrie pharmaceutique et biotechnologique.","og_url":"https:\/\/sisto-aseptic.com\/fr\/apercu-des-produits\/","og_site_name":"SISTO","article_modified_time":"2025-09-11T11:47:22+00:00","twitter_card":"summary_large_image","schema":{"@context":"https:\/\/schema.org","@graph":[{"@type":"WebPage","@id":"https:\/\/sisto-aseptic.com\/fr\/apercu-des-produits\/","url":"https:\/\/sisto-aseptic.com\/fr\/apercu-des-produits\/","name":"Aper\u00e7u des vannes \u00e0 membranes SISTO-C","isPartOf":{"@id":"https:\/\/sisto-aseptic.com\/fr\/#website"},"datePublished":"2022-09-13T01:51:42+00:00","dateModified":"2025-09-11T11:47:22+00:00","description":"La conception modulaire de SISTO permet de r\u00e9pondre \u00e0 tous les solutions individuelles de l'industrie pharmaceutique et biotechnologique.","breadcrumb":{"@id":"https:\/\/sisto-aseptic.com\/fr\/apercu-des-produits\/#breadcrumb"},"inLanguage":"fr-FR","potentialAction":[{"@type":"ReadAction","target":["https:\/\/sisto-aseptic.com\/fr\/apercu-des-produits\/"]}]},{"@type":"BreadcrumbList","@id":"https:\/\/sisto-aseptic.com\/fr\/apercu-des-produits\/#breadcrumb","itemListElement":[{"@type":"ListItem","position":1,"name":"Home","item":"https:\/\/sisto-aseptic.com\/fr\/"},{"@type":"ListItem","position":2,"name":"Aper\u00e7u des produits"}]},{"@type":"WebSite","@id":"https:\/\/sisto-aseptic.com\/fr\/#website","url":"https:\/\/sisto-aseptic.com\/fr\/","name":"SISTO","description":"Valves for the highest requirements","potentialAction":[{"@type":"SearchAction","target":{"@type":"EntryPoint","urlTemplate":"https:\/\/sisto-aseptic.com\/fr\/?s={search_term_string}"},"query-input":{"@type":"PropertyValueSpecification","valueRequired":true,"valueName":"search_term_string"}}],"inLanguage":"fr-FR"}]}},"_links":{"self":[{"href":"https:\/\/sisto-aseptic.com\/fr\/wp-json\/wp\/v2\/pages\/2010","targetHints":{"allow":["GET"]}}],"collection":[{"href":"https:\/\/sisto-aseptic.com\/fr\/wp-json\/wp\/v2\/pages"}],"about":[{"href":"https:\/\/sisto-aseptic.com\/fr\/wp-json\/wp\/v2\/types\/page"}],"author":[{"embeddable":true,"href":"https:\/\/sisto-aseptic.com\/fr\/wp-json\/wp\/v2\/users\/1"}],"replies":[{"embeddable":true,"href":"https:\/\/sisto-aseptic.com\/fr\/wp-json\/wp\/v2\/comments?post=2010"}],"version-history":[{"count":17,"href":"https:\/\/sisto-aseptic.com\/fr\/wp-json\/wp\/v2\/pages\/2010\/revisions"}],"predecessor-version":[{"id":6068,"href":"https:\/\/sisto-aseptic.com\/fr\/wp-json\/wp\/v2\/pages\/2010\/revisions\/6068"}],"wp:attachment":[{"href":"https:\/\/sisto-aseptic.com\/fr\/wp-json\/wp\/v2\/media?parent=2010"}],"curies":[{"name":"wp","href":"https:\/\/api.w.org\/{rel}","templated":true}]}}