{"id":1940,"date":"2022-11-16T09:39:29","date_gmt":"2022-11-16T09:39:29","guid":{"rendered":"https:\/\/sisto-aseptic.com\/?page_id=1940"},"modified":"2022-11-23T10:33:11","modified_gmt":"2022-11-23T10:33:11","slug":"impressum","status":"publish","type":"page","link":"https:\/\/sisto-aseptic.com\/de\/impressum\/","title":{"rendered":"Impressum"},"content":{"rendered":"<p>SISTO Armaturen S.A.<br \/>\n18, rue Martin Maas<br \/>\n6468 Echternach, Luxemburg<\/p>\n<h5>Vertreten durch<\/h5>\n<p>Philipp Gaudlitz, (Gesch\u00e4ftsf\u00fchrer)<\/p>\n<h5>Kontakt<\/h5>\n<p>Telefon: +352 32 50 85 1<br \/>\nTelefax: +352 32 89 56<br \/>\nE-Mail:\u00a0<a href=\"mailto:info@sisto-aseptic.com\">info@sisto-aseptic.com<\/a><br \/>\nInternetadresse:\u00a0<a href=\"http:\/\/www.sisto-aseptic.com\/\" target=\"_blank\" rel=\"noopener\">www.sisto-aseptic.com<\/a><\/p>\n<h5>Registereintrag<\/h5>\n<p>Eintragung im Handelsregister: Registernr. B 20425<br \/>\nRegistergericht: Luxembourg<\/p>\n<h5>Umsatzsteuer-ID<\/h5>\n<p>Umsatzsteuer-Identifikationsnummer<br \/>\nLU12346320<\/p>\n<h5>Kontrollgremium<\/h5>\n<p>Verwaltungsrat der SISTO Armaturen S.A.<br \/>\n18, rue Martin Maas<br \/>\nL-6468 Echternach<\/p>\n<h5>Quellenangaben f\u00fcr die verwendeten Bilder und Grafiken<\/h5>\n<p>fotolia<\/p>\n<h5>Haftung f\u00fcr Inhalte<\/h5>\n<p>Die Inhalte unserer Seiten wurden mit gr\u00f6\u00dfter Sorgfalt erstellt. F\u00fcr die Richtigkeit, Vollst\u00e4ndigkeit und Aktualit\u00e4t der Inhalte k\u00f6nnen wir jedoch keine Gew\u00e4hr \u00fcbernehmen. Als Diensteanbieter sind wir f\u00fcr eigene Inhalte auf diesen Seiten nach den allgemeinen Gesetzen verantwortlich. Wir sind wir als Diensteanbieter jedoch nicht verpflichtet, \u00fcbermittelte oder gespeicherte fremde Informationen zu \u00fcberwachen oder nach Umst\u00e4nden zu forschen, die auf eine rechtswidrige T\u00e4tigkeit hinweisen. Verpflichtungen zur Entfernung oder Sperrung der Nutzung von Informationen nach den allgemeinen Gesetzen bleiben hiervon unber\u00fchrt. Eine diesbez\u00fcgliche Haftung ist jedoch erst ab dem Zeitpunkt der Kenntnis einer konkreten Rechtsverletzung m\u00f6glich. Bei Bekanntwerden von entsprechenden Rechtsverletzungen werden wir diese Inhalte umgehend entfernen.<\/p>\n<h5>Haftung f\u00fcr Links<\/h5>\n<p>Unser Angebot enth\u00e4lt Links zu externen Webseiten Dritter, auf deren Inhalte wir keinen Einfluss haben. Deshalb k\u00f6nnen wir f\u00fcr diese fremden Inhalte auch keine Gew\u00e4hr \u00fcbernehmen. F\u00fcr die Inhalte der verlinkten Seiten ist stets der jeweilige Anbieter oder Betreiber der Seiten verantwortlich. Die verlinkten Seiten wurden zum Zeitpunkt der Verlinkung auf m\u00f6gliche Rechtsverst\u00f6\u00dfe \u00fcberpr\u00fcft. Rechtswidrige Inhalte waren zum Zeitpunkt der Verlinkung nicht erkennbar. Eine permanente inhaltliche Kontrolle der verlinkten Seiten ist jedoch ohne konkrete Anhaltspunkte einer Rechtsverletzung nicht zumutbar. Bei Bekanntwerden von Rechtsverletzungen werden wir derartige Links umgehend entfernen.<\/p>\n<h5>Urheberrecht<\/h5>\n<p>Die durch die Seitenbetreiber erstellten bzw. verwendeten Inhalte und Werke auf diesen Seiten unterliegen dem luxemburgischen Urheberrecht. Die Vervielf\u00e4ltigung, Bearbeitung, Verbreitung und jede Art der Verwertung au\u00dferhalb der Grenzen des Urheberrechtes bed\u00fcrfen der Zustimmung des jeweiligen Autors bzw. Erstellers. Downloads und Kopien dieser Seite sind nur f\u00fcr den privaten, nicht kommerziellen Gebrauch gestattet. Soweit die Inhalte auf dieser Seite nicht vom Betreiber erstellt wurden, werden die Urheberrechte Dritter beachtet. Insbesondere werden Inhalte Dritter als solche gekennzeichnet. Sollten Sie trotzdem auf eine Urheberrechtsverletzung aufmerksam werden, bitten wir um einen entsprechenden Hinweis. Bei Bekanntwerden von Rechtsverletzungen werden wir derartige Inhalte umgehend entfernen.<\/p>\n","protected":false},"excerpt":{"rendered":"<p>SISTO Armaturen S.A. 18, rue Martin Maas 6468 Echternach, Luxemburg Vertreten durch Philipp Gaudlitz, (Gesch\u00e4ftsf\u00fchrer) Kontakt Telefon: +352 32 50 85 1 Telefax: +352 32 89 56 E-Mail:\u00a0info@sisto-aseptic.com Internetadresse:\u00a0www.sisto-aseptic.com Registereintrag Eintragung im Handelsregister: Registernr. B 20425 Registergericht: Luxembourg Umsatzsteuer-ID Umsatzsteuer-Identifikationsnummer LU12346320 Kontrollgremium Verwaltungsrat der SISTO Armaturen S.A. 18, rue Martin Maas L-6468 Echternach Quellenangaben f\u00fcr [&hellip;]<\/p>\n","protected":false},"author":2,"featured_media":0,"parent":0,"menu_order":0,"comment_status":"closed","ping_status":"closed","template":"","meta":{"_acf_changed":false,"inline_featured_image":false,"footnotes":""},"class_list":["post-1940","page","type-page","status-publish","hentry"],"acf":[],"yoast_head":"<!-- This site is optimized with the Yoast SEO plugin v25.5 - https:\/\/yoast.com\/wordpress\/plugins\/seo\/ -->\n<title>Impressum - SISTO<\/title>\n<meta name=\"robots\" content=\"index, follow, max-snippet:-1, max-image-preview:large, max-video-preview:-1\" \/>\n<link rel=\"canonical\" href=\"https:\/\/sisto-aseptic.com\/de\/impressum\/\" \/>\n<meta property=\"og:locale\" content=\"de_DE\" \/>\n<meta property=\"og:type\" content=\"article\" \/>\n<meta property=\"og:title\" content=\"Impressum - SISTO\" \/>\n<meta property=\"og:description\" content=\"SISTO Armaturen S.A. 18, rue Martin Maas 6468 Echternach, Luxemburg Vertreten durch Philipp Gaudlitz, (Gesch\u00e4ftsf\u00fchrer) Kontakt Telefon: +352 32 50 85 1 Telefax: +352 32 89 56 E-Mail:\u00a0info@sisto-aseptic.com Internetadresse:\u00a0www.sisto-aseptic.com Registereintrag Eintragung im Handelsregister: Registernr. B 20425 Registergericht: Luxembourg Umsatzsteuer-ID Umsatzsteuer-Identifikationsnummer LU12346320 Kontrollgremium Verwaltungsrat der SISTO Armaturen S.A. 18, rue Martin Maas L-6468 Echternach Quellenangaben f\u00fcr [&hellip;]\" \/>\n<meta property=\"og:url\" content=\"https:\/\/sisto-aseptic.com\/de\/impressum\/\" \/>\n<meta property=\"og:site_name\" content=\"SISTO\" \/>\n<meta property=\"article:modified_time\" content=\"2022-11-23T10:33:11+00:00\" \/>\n<meta name=\"twitter:card\" content=\"summary_large_image\" \/>\n<meta name=\"twitter:label1\" content=\"Gesch\u00e4tzte Lesezeit\" \/>\n\t<meta name=\"twitter:data1\" content=\"2\u00a0Minuten\" \/>\n<script type=\"application\/ld+json\" class=\"yoast-schema-graph\">{\"@context\":\"https:\/\/schema.org\",\"@graph\":[{\"@type\":\"WebPage\",\"@id\":\"https:\/\/sisto-aseptic.com\/de\/impressum\/\",\"url\":\"https:\/\/sisto-aseptic.com\/de\/impressum\/\",\"name\":\"Impressum - SISTO\",\"isPartOf\":{\"@id\":\"https:\/\/sisto-aseptic.com\/de\/#website\"},\"datePublished\":\"2022-11-16T09:39:29+00:00\",\"dateModified\":\"2022-11-23T10:33:11+00:00\",\"breadcrumb\":{\"@id\":\"https:\/\/sisto-aseptic.com\/de\/impressum\/#breadcrumb\"},\"inLanguage\":\"de\",\"potentialAction\":[{\"@type\":\"ReadAction\",\"target\":[\"https:\/\/sisto-aseptic.com\/de\/impressum\/\"]}]},{\"@type\":\"BreadcrumbList\",\"@id\":\"https:\/\/sisto-aseptic.com\/de\/impressum\/#breadcrumb\",\"itemListElement\":[{\"@type\":\"ListItem\",\"position\":1,\"name\":\"Home\",\"item\":\"https:\/\/sisto-aseptic.com\/de\/\"},{\"@type\":\"ListItem\",\"position\":2,\"name\":\"Impressum\"}]},{\"@type\":\"WebSite\",\"@id\":\"https:\/\/sisto-aseptic.com\/de\/#website\",\"url\":\"https:\/\/sisto-aseptic.com\/de\/\",\"name\":\"SISTO\",\"description\":\"Valves for the highest requirements\",\"potentialAction\":[{\"@type\":\"SearchAction\",\"target\":{\"@type\":\"EntryPoint\",\"urlTemplate\":\"https:\/\/sisto-aseptic.com\/de\/?s={search_term_string}\"},\"query-input\":{\"@type\":\"PropertyValueSpecification\",\"valueRequired\":true,\"valueName\":\"search_term_string\"}}],\"inLanguage\":\"de\"}]}<\/script>\n<!-- \/ Yoast SEO plugin. -->","yoast_head_json":{"title":"Impressum - SISTO","robots":{"index":"index","follow":"follow","max-snippet":"max-snippet:-1","max-image-preview":"max-image-preview:large","max-video-preview":"max-video-preview:-1"},"canonical":"https:\/\/sisto-aseptic.com\/de\/impressum\/","og_locale":"de_DE","og_type":"article","og_title":"Impressum - SISTO","og_description":"SISTO Armaturen S.A. 18, rue Martin Maas 6468 Echternach, Luxemburg Vertreten durch Philipp Gaudlitz, (Gesch\u00e4ftsf\u00fchrer) Kontakt Telefon: +352 32 50 85 1 Telefax: +352 32 89 56 E-Mail:\u00a0info@sisto-aseptic.com Internetadresse:\u00a0www.sisto-aseptic.com Registereintrag Eintragung im Handelsregister: Registernr. B 20425 Registergericht: Luxembourg Umsatzsteuer-ID Umsatzsteuer-Identifikationsnummer LU12346320 Kontrollgremium Verwaltungsrat der SISTO Armaturen S.A. 18, rue Martin Maas L-6468 Echternach Quellenangaben f\u00fcr [&hellip;]","og_url":"https:\/\/sisto-aseptic.com\/de\/impressum\/","og_site_name":"SISTO","article_modified_time":"2022-11-23T10:33:11+00:00","twitter_card":"summary_large_image","twitter_misc":{"Gesch\u00e4tzte Lesezeit":"2\u00a0Minuten"},"schema":{"@context":"https:\/\/schema.org","@graph":[{"@type":"WebPage","@id":"https:\/\/sisto-aseptic.com\/de\/impressum\/","url":"https:\/\/sisto-aseptic.com\/de\/impressum\/","name":"Impressum - SISTO","isPartOf":{"@id":"https:\/\/sisto-aseptic.com\/de\/#website"},"datePublished":"2022-11-16T09:39:29+00:00","dateModified":"2022-11-23T10:33:11+00:00","breadcrumb":{"@id":"https:\/\/sisto-aseptic.com\/de\/impressum\/#breadcrumb"},"inLanguage":"de","potentialAction":[{"@type":"ReadAction","target":["https:\/\/sisto-aseptic.com\/de\/impressum\/"]}]},{"@type":"BreadcrumbList","@id":"https:\/\/sisto-aseptic.com\/de\/impressum\/#breadcrumb","itemListElement":[{"@type":"ListItem","position":1,"name":"Home","item":"https:\/\/sisto-aseptic.com\/de\/"},{"@type":"ListItem","position":2,"name":"Impressum"}]},{"@type":"WebSite","@id":"https:\/\/sisto-aseptic.com\/de\/#website","url":"https:\/\/sisto-aseptic.com\/de\/","name":"SISTO","description":"Valves for the highest requirements","potentialAction":[{"@type":"SearchAction","target":{"@type":"EntryPoint","urlTemplate":"https:\/\/sisto-aseptic.com\/de\/?s={search_term_string}"},"query-input":{"@type":"PropertyValueSpecification","valueRequired":true,"valueName":"search_term_string"}}],"inLanguage":"de"}]}},"_links":{"self":[{"href":"https:\/\/sisto-aseptic.com\/de\/wp-json\/wp\/v2\/pages\/1940","targetHints":{"allow":["GET"]}}],"collection":[{"href":"https:\/\/sisto-aseptic.com\/de\/wp-json\/wp\/v2\/pages"}],"about":[{"href":"https:\/\/sisto-aseptic.com\/de\/wp-json\/wp\/v2\/types\/page"}],"author":[{"embeddable":true,"href":"https:\/\/sisto-aseptic.com\/de\/wp-json\/wp\/v2\/users\/2"}],"replies":[{"embeddable":true,"href":"https:\/\/sisto-aseptic.com\/de\/wp-json\/wp\/v2\/comments?post=1940"}],"version-history":[{"count":4,"href":"https:\/\/sisto-aseptic.com\/de\/wp-json\/wp\/v2\/pages\/1940\/revisions"}],"predecessor-version":[{"id":2264,"href":"https:\/\/sisto-aseptic.com\/de\/wp-json\/wp\/v2\/pages\/1940\/revisions\/2264"}],"wp:attachment":[{"href":"https:\/\/sisto-aseptic.com\/de\/wp-json\/wp\/v2\/media?parent=1940"}],"curies":[{"name":"wp","href":"https:\/\/api.w.org\/{rel}","templated":true}]}}