{"id":1938,"date":"2022-09-15T08:42:25","date_gmt":"2022-09-15T08:42:25","guid":{"rendered":"https:\/\/sisto-aseptic.com\/privacy-policy\/"},"modified":"2022-11-23T10:35:03","modified_gmt":"2022-11-23T10:35:03","slug":"datenschutzerklarung","status":"publish","type":"page","link":"https:\/\/sisto-aseptic.com\/de\/datenschutzerklarung\/","title":{"rendered":"Datenschutzerkl\u00e4rung"},"content":{"rendered":"<p>Version 17.11.2022<\/p>\n<p>Der Schutz Ihrer pers\u00f6nlichen Daten ist uns sehr wichtig. Aus diesem Grund m\u00f6chten wir Sie dar\u00fcber informieren, welche Daten aus Ihrem Besuch zu welchem Zweck verwendet werden. Sollten Sie weitere Fragen zum Umgang mit Ihren pers\u00f6nlichen Daten haben, wenden Sie sich bitte an unseren Datenschutzbeauftragten:<br \/>\nMartin Welter\u00a0<a href=\"mailto:%20martin.welter@ksb.com\">martin.welter@ksb.com<\/a><\/p>\n<p>Kontinuierliche technologische Entwicklungen, \u00c4nderungen unserer Dienstleistungen oder des Rechtsstatus sowie andere Gr\u00fcnde k\u00f6nnen Anpassungen unserer Datenschutzhinweise erfordern. Daher behalten wir uns das Recht vor, diese Datenschutzerkl\u00e4rung jederzeit zu \u00e4ndern und Sie zu bitten, sich regelm\u00e4\u00dfig \u00fcber die aktuelle Version zu informieren.<\/p>\n<h5>Grundinformation<\/h5>\n<p>Der Begriff der personenbezogenen Daten ist gesetzlich festgelegt. Demnach handelt es sich um Einzelangaben \u00fcber pers\u00f6nliche oder sachliche Verh\u00e4ltnisse einer bestimmten oder bestimmbaren nat\u00fcrlichen Person. Dazu geh\u00f6ren beispielsweise Ihr offizieller Name, Ihre Adresse, Ihre Telefonnummer oder Ihr Geburtsdatum.<\/p>\n<p>Soweit in den folgenden Abschnitten nicht anders angegeben, werden bei der Nutzung unserer Websites keine personenbezogenen Daten erhoben, verarbeitet oder genutzt. Einige Informationen werden beim Zugriff auf unsere Website \u00fcbermittelt, wie zum Beispiel die IP-Adresse, Art und Version des verwendeten Webbrowsers, das verwendete Betriebssystem, die Webseite, von der Sie gekommen sind und der Zeitpunkt der Anfrage.<br \/>\nWir k\u00f6nnen diese Informationen nicht zur Identifizierung des einzelnen Benutzers verwenden. Diese Informationen werden von uns nur statistisch ausgewertet und ausschlie\u00dflich zur Verbesserung der Attraktivit\u00e4t, des Inhalts und der Funktionalit\u00e4t unserer Websites verwendet.<\/p>\n<h5>Registrierung<\/h5>\n<p>Sie haben die M\u00f6glichkeit, sich bei uns zu registrieren. Wir erfassen und speichern bei der Registrierung folgende Daten:<br \/>\n&#8211; E-Mail<br \/>\n&#8211; Passwort<br \/>\n&#8211; Vorname<br \/>\n&#8211; Nachname<br \/>\n&#8211; Unternehmen\/Organisation<\/p>\n<p>zusammen mit den folgenden, optionalen Angaben:<br \/>\n&#8211; Aufgabe\/Funktion<br \/>\n&#8211; Telefonnummer<br \/>\n&#8211; Land\/Staat<br \/>\n&#8211; Postleitzahl, Ort<br \/>\n&#8211; Hintergrund Ihres Interesses<\/p>\n<p>Nach der Registrierung erhalten Sie einen pers\u00f6nlichen, passwortgesch\u00fctzten Zugang und k\u00f6nnen die von Ihnen eingegebenen Daten einsehen und verwalten. Die Registrierung ist freiwillig; Es kann jedoch erforderlich sein, um unsere Dienste zu nutzen.<\/p>\n<h5>Kontakt<\/h5>\n<p>Sie haben die M\u00f6glichkeit, uns per E-Mail zu kontaktieren\u00a0<a href=\"mailto:info@sisto-aseptic.com\">info@sisto-aseptic.com<\/a>. Wir werden Ihre personenbezogenen Daten, die uns auf diese Weise \u00fcbermittelt werden, selbstverst\u00e4ndlich nur f\u00fcr die Zwecke verwenden, die Sie uns bei der Kontaktaufnahme gestattet haben.<\/p>\n<h5>Newsletter<\/h5>\n<p>Um sich f\u00fcr unseren Newsletter anzumelden, verwenden wir das sogenannte Double-Opt-In-Verfahren. Das hei\u00dft, nachdem Sie Ihre E-Mail-Adresse angegeben haben, senden wir Ihnen eine Best\u00e4tigungs-E-Mail an die gleiche E-Mail-Adresse, in der Sie aufgefordert werden, zu best\u00e4tigen, dass Sie unseren Newsletter erhalten m\u00f6chten. Wenn Sie dies nicht innerhalb von 24 Stunden best\u00e4tigen, wird Ihre Registrierung automatisch gel\u00f6scht. Sobald Sie best\u00e4tigen, dass Sie unseren Newsletter erhalten m\u00f6chten, speichern wir Ihre E-Mail-Adresse, bis Sie sich von unserem Newsletter abmelden. Der einzige Zweck der Speicherung Ihrer E-Mail-Adresse ist, dass wir Ihnen den Newsletter senden k\u00f6nnen. Dar\u00fcber hinaus speichern wir Ihre IP-Adressen sowie Ihre Registrierungs- und Best\u00e4tigungszeiten, um einen Missbrauch Ihrer pers\u00f6nlichen Daten zu verhindern.<\/p>\n<p>Sie k\u00f6nnen Ihre Einwilligung jederzeit widerrufen, wenn Sie uns unseren Newsletter senden. Sie k\u00f6nnen per E-Mail stornieren, indem Sie auf den Link in jeder Newsletter-E-Mail klicken oder eine Nachricht an den Datenschutzbeauftragten senden. Die von Ihnen zur Verf\u00fcgung gestellten Daten werden nicht an Dritte weitergegeben.<\/p>\n<h5>Daten\u00fcbertragung<\/h5>\n<p>Ihre Daten werden nicht an Dritte weitergegeben, es sei denn, wir sind dazu gesetzlich verpflichtet oder die \u00dcbermittlung von Daten ist zur Durchf\u00fchrung des Vertragsverh\u00e4ltnisses erforderlich oder Sie haben der Weitergabe Ihrer Daten ausdr\u00fccklich zugestimmt.<\/p>\n<h5>Cookies<\/h5>\n<p>Wir verwenden Cookies, um unsere Website zu verbessern und zu optimieren. Cookies sind kleine Textdateien, die beim Besuch unserer Website auf Ihrem Computer gespeichert werden und eine erneute Zuordnung Ihres Browsers erm\u00f6glichen. Cookies speichern Informationen wie Ihre Spracheinstellungen, die Dauer Ihres Besuchs auf unserer Website oder die Tatsache, dass Sie sich bereits erfolgreich eingeloggt haben. Dadurch m\u00fcssen Sie nicht jedes Mal, wenn Sie auf die Website zugreifen, alle erforderlichen Daten erneut eingeben.<\/p>\n<p>Die meisten Browser akzeptieren Cookies automatisch. Wenn Sie verhindern m\u00f6chten, dass Cookies Informationen speichern, k\u00f6nnen Sie in Ihren Browser-Einstellungen &#8222;keine Cookies akzeptieren&#8220; w\u00e4hlen. Beziehen Sie sich auf die Anweisungen Ihres Browser-Herstellers, um zu erfahren, wie dies im Detail funktioniert. Bereits auf Ihrem Computer gespeicherte Cookies k\u00f6nnen jederzeit gel\u00f6scht werden. Wir weisen jedoch darauf hin, dass die Nutzung unserer Website ohne Cookies Einschr\u00e4nkungen zur Folge haben kann.<\/p>\n<h5>Nutzung von Google Analytics<\/h5>\n<p>Wir verwenden Google Analytics, um die Website-Nutzung zu analysieren. Die daraus gewonnenen Daten werden genutzt, um unsere Website sowie Werbema\u00dfnahmen zu optimieren.<\/p>\n<p>Google Analytics ist ein Webanalysedienst, der von\u00a0<i>Google LLC\u00a0<\/i>(1600 Amphitheatre Parkway, Mountain View, CA 94043, United States) betrieben und bereitgestellt wird. Google verarbeitet die Daten zur Website-Nutzung in unserem Auftrag und verpflichtet sich vertraglich zu Ma\u00dfnahmen, um die Vertraulichkeit der verarbeiteten Daten zu gew\u00e4hrleisten.<\/p>\n<p>W\u00e4hrend Ihres Website-Besuchs werden u.a. folgende Daten aufgezeichnet:<\/p>\n<p>&#8211; Aufgerufene Seiten<br \/>\n&#8211; Ihr Verhalten auf den Seiten (beispielsweise Klicks, Scroll-Verhalten und Verweildauer)<br \/>\n&#8211; Ihr ungef\u00e4hrer Standort (Land und Stadt)<br \/>\n&#8211; Ihre IP-Adresse (in gek\u00fcrzter Form, sodass keine eindeutige Zuordnung m\u00f6glich ist)<br \/>\n&#8211; Technische Informationen wie Browser, Internetanbieter, Endger\u00e4t und Bildschirmaufl\u00f6sung<br \/>\n&#8211; Herkunftsquelle Ihres Besuchs (d.h. \u00fcber welche Website bzw. \u00fcber welches Werbemittel Sie zu uns gekommen sind)<\/p>\n<p>Diese Daten werden an einen Server von Google in den USA \u00fcbertragen. Google beachtet dabei die Datenschutzbestimmungen des \u201eEU-US Privacy Shield\u201c-Abkommens.<\/p>\n<p>Wir verwenden Google Analytics mit der Erweiterung \u201e_anonymizeIp()\u201c. Dadurch werden IP-Adressen gek\u00fcrzt weiterverarbeitet, ein Bezug auf Personen kann damit ausgeschlossen werden. Soweit den \u00fcber Sie erhobenen Daten ein Personenbezug zukommt, wird dieser also sofort ausgeschlossen und die personenbezogenen Daten damit umgehend gel\u00f6scht.<\/p>\n<p>Google Analytics speichert Cookies in Ihrem Webbrowser f\u00fcr die Dauer von zwei Jahren seit Ihrem letzten Besuch. Diese Cookies enthaltene eine zufallsgenerierte User-ID, mit der Sie bei zuk\u00fcnftigen Website-Besuchen wiedererkannt werden k\u00f6nnen.<\/p>\n<p>Die aufgezeichneten Daten werden zusammen mit der zufallsgenerierten User-ID gespeichert, was die Auswertung pseudonymer Nutzerprofile erm\u00f6glicht. Diese nutzerbezogenen Daten werden automatisch nach 14 Monaten gel\u00f6scht. Sonstige Daten bleiben in aggregierter Form unbefristet gespeichert.<\/p>\n<p>Sollten Sie mit der Erfassung nicht einverstanden sein, k\u00f6nnen Sie diese mit der einmaligen Installation des\u00a0<a href=\"https:\/\/tools.google.com\/dlpage\/gaoptout?hl=de\">Browser-Add-ons zur Deaktivierung von Google Analytics<\/a>\u00a0unterbinden.<\/p>\n<h5>Social bookmarks<\/h5>\n<p>Sogenannte \u201eSocial Bookmarks\u201c (z. B. von Twitter, Facebook, Xing und LinkedIn) sind auf unserer Website integriert. Soziale Lesezeichen sind Online-Lesezeichen, mit denen Nutzer dieser Dienste Links und Nachrichten sammeln k\u00f6nnen. Diese sind nur auf unserer Website als Link zu den entsprechenden Diensten eingebunden. Nach einem Klick auf die integrierte Grafik werden Sie auf die Seite des jeweiligen Anbieters weitergeleitet, d. H. Erst dann werden Nutzerinformationen an den jeweiligen Anbieter \u00fcbermittelt. F\u00fcr den Umgang mit Ihren personenbezogenen Daten bei der Nutzung dieser Websites beachten Sie bitte die jeweilige Datenschutzerkl\u00e4rung des Anbieters.<\/p>\n<h5>Ihre Rechte<\/h5>\n<p>Auf Anforderung teilen wir Ihnen schriftlich entsprechend dem geltenden Recht mit, ob wir personenbezogene Daten \u00fcber Sie gespeichert haben oder nicht und welche personenbezogenen Daten damit verbunden sind. Sie k\u00f6nnen uns auch kostenlos kontaktieren, wenn Sie Fragen zur Erhebung, Verarbeitung oder Verwendung Ihrer personenbezogenen Daten haben und diese korrigieren, blockieren, l\u00f6schen oder ihre Zustimmung zur\u00fcckziehen m\u00f6chten. Wir werden alle angemessenen Anfragen kostenlos und so schnell wie m\u00f6glich gem\u00e4\u00df geltendem Recht beantworten. Dar\u00fcber hinaus weisen wir darauf hin, dass Sie berechtigt sind, unrichtige Daten zu berichtigen oder personenbezogene Daten zu l\u00f6schen, sofern dieses Recht nicht durch eine gesetzliche Aufbewahrungspflicht von Daten verhindert wird.<\/p>\n<p>Um Ihre Rechte geltend zu machen, wenden Sie sich bitte an\u00a0<a href=\"mailto:info@sisto-aseptic.com\">info@sisto-aseptic.com<\/a>\u00a0oder schriftlich an<br \/>\nSISTO Armaturen S.A.<br \/>\n18, rue Martin Maas<br \/>\nL-6468 Echternach<br \/>\nLuxemburg<\/p>\n<p>Diese etablierten Datennutzungsbestimmungen und diese Datenschutzerkl\u00e4rung werden routinem\u00e4\u00dfig aktualisiert, w\u00e4hrend sich das Internet und unsere Website weiterentwickeln. Wir werden \u00c4nderungen rechtzeitig auf dieser Seite bekannt geben. Besuchen Sie diese Seite regelm\u00e4\u00dfig, um \u00fcber die aktuelle Version unserer Datennutzungsbestimmungen informiert zu bleiben.<\/p>\n","protected":false},"excerpt":{"rendered":"<p>Version 17.11.2022 Der Schutz Ihrer pers\u00f6nlichen Daten ist uns sehr wichtig. Aus diesem Grund m\u00f6chten wir Sie dar\u00fcber informieren, welche Daten aus Ihrem Besuch zu welchem Zweck verwendet werden. Sollten Sie weitere Fragen zum Umgang mit Ihren pers\u00f6nlichen Daten haben, wenden Sie sich bitte an unseren Datenschutzbeauftragten: Martin Welter\u00a0martin.welter@ksb.com Kontinuierliche technologische Entwicklungen, \u00c4nderungen unserer Dienstleistungen [&hellip;]<\/p>\n","protected":false},"author":1,"featured_media":0,"parent":0,"menu_order":0,"comment_status":"closed","ping_status":"closed","template":"","meta":{"_acf_changed":false,"inline_featured_image":false,"footnotes":""},"class_list":["post-1938","page","type-page","status-publish","hentry"],"acf":[],"yoast_head":"<!-- This site is optimized with the Yoast SEO plugin v25.5 - https:\/\/yoast.com\/wordpress\/plugins\/seo\/ -->\n<title>Datenschutzerkl\u00e4rung - SISTO<\/title>\n<meta name=\"robots\" content=\"index, follow, max-snippet:-1, max-image-preview:large, max-video-preview:-1\" \/>\n<link rel=\"canonical\" href=\"https:\/\/sisto-aseptic.com\/de\/datenschutzerklarung\/\" \/>\n<meta property=\"og:locale\" content=\"de_DE\" \/>\n<meta property=\"og:type\" content=\"article\" \/>\n<meta property=\"og:title\" content=\"Datenschutzerkl\u00e4rung - SISTO\" \/>\n<meta property=\"og:description\" content=\"Version 17.11.2022 Der Schutz Ihrer pers\u00f6nlichen Daten ist uns sehr wichtig. Aus diesem Grund m\u00f6chten wir Sie dar\u00fcber informieren, welche Daten aus Ihrem Besuch zu welchem Zweck verwendet werden. Sollten Sie weitere Fragen zum Umgang mit Ihren pers\u00f6nlichen Daten haben, wenden Sie sich bitte an unseren Datenschutzbeauftragten: Martin Welter\u00a0martin.welter@ksb.com Kontinuierliche technologische Entwicklungen, \u00c4nderungen unserer Dienstleistungen [&hellip;]\" \/>\n<meta property=\"og:url\" content=\"https:\/\/sisto-aseptic.com\/de\/datenschutzerklarung\/\" \/>\n<meta property=\"og:site_name\" content=\"SISTO\" \/>\n<meta property=\"article:modified_time\" content=\"2022-11-23T10:35:03+00:00\" \/>\n<meta name=\"twitter:card\" content=\"summary_large_image\" \/>\n<meta name=\"twitter:label1\" content=\"Gesch\u00e4tzte Lesezeit\" \/>\n\t<meta name=\"twitter:data1\" content=\"6\u00a0Minuten\" \/>\n<script type=\"application\/ld+json\" class=\"yoast-schema-graph\">{\"@context\":\"https:\/\/schema.org\",\"@graph\":[{\"@type\":\"WebPage\",\"@id\":\"https:\/\/sisto-aseptic.com\/de\/datenschutzerklarung\/\",\"url\":\"https:\/\/sisto-aseptic.com\/de\/datenschutzerklarung\/\",\"name\":\"Datenschutzerkl\u00e4rung - SISTO\",\"isPartOf\":{\"@id\":\"https:\/\/sisto-aseptic.com\/de\/#website\"},\"datePublished\":\"2022-09-15T08:42:25+00:00\",\"dateModified\":\"2022-11-23T10:35:03+00:00\",\"breadcrumb\":{\"@id\":\"https:\/\/sisto-aseptic.com\/de\/datenschutzerklarung\/#breadcrumb\"},\"inLanguage\":\"de\",\"potentialAction\":[{\"@type\":\"ReadAction\",\"target\":[\"https:\/\/sisto-aseptic.com\/de\/datenschutzerklarung\/\"]}]},{\"@type\":\"BreadcrumbList\",\"@id\":\"https:\/\/sisto-aseptic.com\/de\/datenschutzerklarung\/#breadcrumb\",\"itemListElement\":[{\"@type\":\"ListItem\",\"position\":1,\"name\":\"Home\",\"item\":\"https:\/\/sisto-aseptic.com\/de\/\"},{\"@type\":\"ListItem\",\"position\":2,\"name\":\"Datenschutzerkl\u00e4rung\"}]},{\"@type\":\"WebSite\",\"@id\":\"https:\/\/sisto-aseptic.com\/de\/#website\",\"url\":\"https:\/\/sisto-aseptic.com\/de\/\",\"name\":\"SISTO\",\"description\":\"Valves for the highest requirements\",\"potentialAction\":[{\"@type\":\"SearchAction\",\"target\":{\"@type\":\"EntryPoint\",\"urlTemplate\":\"https:\/\/sisto-aseptic.com\/de\/?s={search_term_string}\"},\"query-input\":{\"@type\":\"PropertyValueSpecification\",\"valueRequired\":true,\"valueName\":\"search_term_string\"}}],\"inLanguage\":\"de\"}]}<\/script>\n<!-- \/ Yoast SEO plugin. -->","yoast_head_json":{"title":"Datenschutzerkl\u00e4rung - SISTO","robots":{"index":"index","follow":"follow","max-snippet":"max-snippet:-1","max-image-preview":"max-image-preview:large","max-video-preview":"max-video-preview:-1"},"canonical":"https:\/\/sisto-aseptic.com\/de\/datenschutzerklarung\/","og_locale":"de_DE","og_type":"article","og_title":"Datenschutzerkl\u00e4rung - SISTO","og_description":"Version 17.11.2022 Der Schutz Ihrer pers\u00f6nlichen Daten ist uns sehr wichtig. Aus diesem Grund m\u00f6chten wir Sie dar\u00fcber informieren, welche Daten aus Ihrem Besuch zu welchem Zweck verwendet werden. Sollten Sie weitere Fragen zum Umgang mit Ihren pers\u00f6nlichen Daten haben, wenden Sie sich bitte an unseren Datenschutzbeauftragten: Martin Welter\u00a0martin.welter@ksb.com Kontinuierliche technologische Entwicklungen, \u00c4nderungen unserer Dienstleistungen [&hellip;]","og_url":"https:\/\/sisto-aseptic.com\/de\/datenschutzerklarung\/","og_site_name":"SISTO","article_modified_time":"2022-11-23T10:35:03+00:00","twitter_card":"summary_large_image","twitter_misc":{"Gesch\u00e4tzte Lesezeit":"6\u00a0Minuten"},"schema":{"@context":"https:\/\/schema.org","@graph":[{"@type":"WebPage","@id":"https:\/\/sisto-aseptic.com\/de\/datenschutzerklarung\/","url":"https:\/\/sisto-aseptic.com\/de\/datenschutzerklarung\/","name":"Datenschutzerkl\u00e4rung - SISTO","isPartOf":{"@id":"https:\/\/sisto-aseptic.com\/de\/#website"},"datePublished":"2022-09-15T08:42:25+00:00","dateModified":"2022-11-23T10:35:03+00:00","breadcrumb":{"@id":"https:\/\/sisto-aseptic.com\/de\/datenschutzerklarung\/#breadcrumb"},"inLanguage":"de","potentialAction":[{"@type":"ReadAction","target":["https:\/\/sisto-aseptic.com\/de\/datenschutzerklarung\/"]}]},{"@type":"BreadcrumbList","@id":"https:\/\/sisto-aseptic.com\/de\/datenschutzerklarung\/#breadcrumb","itemListElement":[{"@type":"ListItem","position":1,"name":"Home","item":"https:\/\/sisto-aseptic.com\/de\/"},{"@type":"ListItem","position":2,"name":"Datenschutzerkl\u00e4rung"}]},{"@type":"WebSite","@id":"https:\/\/sisto-aseptic.com\/de\/#website","url":"https:\/\/sisto-aseptic.com\/de\/","name":"SISTO","description":"Valves for the highest requirements","potentialAction":[{"@type":"SearchAction","target":{"@type":"EntryPoint","urlTemplate":"https:\/\/sisto-aseptic.com\/de\/?s={search_term_string}"},"query-input":{"@type":"PropertyValueSpecification","valueRequired":true,"valueName":"search_term_string"}}],"inLanguage":"de"}]}},"_links":{"self":[{"href":"https:\/\/sisto-aseptic.com\/de\/wp-json\/wp\/v2\/pages\/1938","targetHints":{"allow":["GET"]}}],"collection":[{"href":"https:\/\/sisto-aseptic.com\/de\/wp-json\/wp\/v2\/pages"}],"about":[{"href":"https:\/\/sisto-aseptic.com\/de\/wp-json\/wp\/v2\/types\/page"}],"author":[{"embeddable":true,"href":"https:\/\/sisto-aseptic.com\/de\/wp-json\/wp\/v2\/users\/1"}],"replies":[{"embeddable":true,"href":"https:\/\/sisto-aseptic.com\/de\/wp-json\/wp\/v2\/comments?post=1938"}],"version-history":[{"count":6,"href":"https:\/\/sisto-aseptic.com\/de\/wp-json\/wp\/v2\/pages\/1938\/revisions"}],"predecessor-version":[{"id":5141,"href":"https:\/\/sisto-aseptic.com\/de\/wp-json\/wp\/v2\/pages\/1938\/revisions\/5141"}],"wp:attachment":[{"href":"https:\/\/sisto-aseptic.com\/de\/wp-json\/wp\/v2\/media?parent=1938"}],"curies":[{"name":"wp","href":"https:\/\/api.w.org\/{rel}","templated":true}]}}